{"id":123,"date":"2023-01-01T14:36:42","date_gmt":"2023-01-01T14:36:42","guid":{"rendered":"http:\/\/rafcb.be\/?page_id=123"},"modified":"2023-01-19T16:20:13","modified_gmt":"2023-01-19T16:20:13","slug":"123-2","status":"publish","type":"page","link":"http:\/\/rafcb.be\/fr\/","title":{"rendered":""},"content":{"rendered":"\n<h1 class=\"wp-block-heading\">\ufeff<\/h1>\n\n\n\n<figure class=\"wp-block-image\" id=\"block-baf92a8e-d1f6-4a13-9a38-e2cff7c5114c\"><img decoding=\"async\" src=\"http:\/\/rafcb.be\/wp-content\/uploads\/2023\/01\/logoFordgroot-1024x384.jpg\" alt=\"Deze afbeelding heeft een leeg alt-attribuut; de bestandsnaam is logoFordgroot-1024x384.jpg\"\/><\/figure>\n\n\n<div class=\"wp-block-image\">\n<figure class=\"alignleft is-resized\"><img loading=\"lazy\" decoding=\"async\" src=\"http:\/\/rafcb.be\/wp-content\/uploads\/2023\/01\/main_bg.jpg\" alt=\"Deze afbeelding heeft een leeg alt-attribuut; de bestandsnaam is main_bg.jpg\" width=\"474\" height=\"290\"\/><\/figure>\n<\/div>\n\n\n<p>Notre association s&#8217;appelle le &#8220;Royal Ancient Ford Club of Belgium&#8221;, RAFCB en abr\u00e9g\u00e9, et a \u00e9t\u00e9 fond\u00e9e en 1972 par un nombre de passionn\u00e9s.<\/p>\n\n\n\n<p>Le RAFCB, comme son nom l&#8217;indique, se veut un lieu de rencontre pour les propri\u00e9taires de voitures anciennes Ford mais aussi pour tous ceux qui s&#8217;y int\u00e9ressent.<\/p>\n\n\n\n<p>Selon les statuts de notre ASBL, &#8220;le but de l&#8217;association est de r\u00e9unir les propri\u00e9taires d&#8217;automobiles Ford d&#8217;avant-guerre (produites avant 1940) compl\u00e9t\u00e9es par le type Mustang. Le nom Ford comprend tous les produits fabriqu\u00e9s par la Ford Motor Company USA ou ses filiales dans le monde entier. L&#8217;association r\u00e9unit \u00e9galement toutes les personnes qui ont un int\u00e9r\u00eat r\u00e9el pour les v\u00e9hicules Ford, pour la pr\u00e9servation du patrimoine national constitu\u00e9 par ces v\u00e9hicules anciens, pour la constitution d&#8217;une documentation sur ces v\u00e9hicules et leurs pi\u00e8ces, pour la diffusion par tout moyen didactique ou autre de tout ce qui concerne les automobiles Ford d&#8217;avant-guerre + type Mustang, sauf exceptions, ainsi que toute activit\u00e9 ayant un rapport direct ou indirect avec ces v\u00e9hicules et ce au sens large du terme.&#8221;<\/p>\n\n\n\n<p id=\"block-27e25b4f-94a2-43ba-b926-cbaf5f5ea558\">\ufeff<\/p>\n\n\n\n<p id=\"block-5ae76dd2-5707-4ea3-9ed4-fe3b3f3f6028\">\ufeff<\/p>\n","protected":false},"excerpt":{"rendered":"<p>\ufeff Notre association s&#8217;appelle le &#8220;Royal Ancient Ford Club of Belgium&#8221;, RAFCB en abr\u00e9g\u00e9, et a \u00e9t\u00e9 fond\u00e9e en 1972 par un nombre de passionn\u00e9s. Le RAFCB, comme son nom l&#8217;indique, se veut un lieu de rencontre pour les propri\u00e9taires de voitures anciennes Ford mais aussi pour tous ceux qui<a class=\"read-more\" href=\"http:\/\/rafcb.be\/fr\/\"> ( more&#8230; )<\/a><\/p>\n","protected":false},"author":1,"featured_media":0,"parent":0,"menu_order":0,"comment_status":"closed","ping_status":"closed","template":"","meta":{"footnotes":""},"class_list":["post-123","page","type-page","status-publish","hentry"],"translation":{"provider":"WPGlobus","version":"3.0.2","language":"fr","enabled_languages":["nl","fr"],"languages":{"nl":{"title":false,"content":true,"excerpt":false},"fr":{"title":false,"content":true,"excerpt":false}}},"_links":{"self":[{"href":"http:\/\/rafcb.be\/fr\/wp-json\/wp\/v2\/pages\/123","targetHints":{"allow":["GET"]}}],"collection":[{"href":"http:\/\/rafcb.be\/fr\/wp-json\/wp\/v2\/pages"}],"about":[{"href":"http:\/\/rafcb.be\/fr\/wp-json\/wp\/v2\/types\/page"}],"author":[{"embeddable":true,"href":"http:\/\/rafcb.be\/fr\/wp-json\/wp\/v2\/users\/1"}],"replies":[{"embeddable":true,"href":"http:\/\/rafcb.be\/fr\/wp-json\/wp\/v2\/comments?post=123"}],"version-history":[{"count":21,"href":"http:\/\/rafcb.be\/fr\/wp-json\/wp\/v2\/pages\/123\/revisions"}],"predecessor-version":[{"id":9259,"href":"http:\/\/rafcb.be\/fr\/wp-json\/wp\/v2\/pages\/123\/revisions\/9259"}],"wp:attachment":[{"href":"http:\/\/rafcb.be\/fr\/wp-json\/wp\/v2\/media?parent=123"}],"curies":[{"name":"wp","href":"https:\/\/api.w.org\/{rel}","templated":true}]}}