{"id":159,"date":"2023-01-01T20:18:13","date_gmt":"2023-01-01T20:18:13","guid":{"rendered":"http:\/\/rafcb.be\/?page_id=159"},"modified":"2023-01-17T16:54:17","modified_gmt":"2023-01-17T16:54:17","slug":"evenementen","status":"publish","type":"page","link":"http:\/\/rafcb.be\/fr\/evenementen\/","title":{"rendered":"Ev\u00e9nements"},"content":{"rendered":"\n<p class=\"has-text-align-center\">Vous trouverez ici par ann\u00e9e les activit\u00e9s organis\u00e9es par le RAFCB ou auxquelles nous avons particip\u00e9 en tant que club.<\/p>\n\n\n\n<p class=\"has-text-align-center\">Veuillez utiliser le symbole de la fl\u00e8che en haut de la page.<\/p>\n","protected":false},"excerpt":{"rendered":"<p>Vous trouverez ici par ann\u00e9e les activit\u00e9s organis\u00e9es par le RAFCB ou auxquelles nous avons particip\u00e9 en tant que club. Veuillez utiliser le symbole de la fl\u00e8che en haut de la page.<\/p>\n","protected":false},"author":1,"featured_media":0,"parent":0,"menu_order":0,"comment_status":"closed","ping_status":"closed","template":"","meta":{"footnotes":""},"class_list":["post-159","page","type-page","status-publish","hentry"],"translation":{"provider":"WPGlobus","version":"3.0.2","language":"fr","enabled_languages":["nl","fr"],"languages":{"nl":{"title":true,"content":true,"excerpt":false},"fr":{"title":true,"content":true,"excerpt":false}}},"_links":{"self":[{"href":"http:\/\/rafcb.be\/fr\/wp-json\/wp\/v2\/pages\/159","targetHints":{"allow":["GET"]}}],"collection":[{"href":"http:\/\/rafcb.be\/fr\/wp-json\/wp\/v2\/pages"}],"about":[{"href":"http:\/\/rafcb.be\/fr\/wp-json\/wp\/v2\/types\/page"}],"author":[{"embeddable":true,"href":"http:\/\/rafcb.be\/fr\/wp-json\/wp\/v2\/users\/1"}],"replies":[{"embeddable":true,"href":"http:\/\/rafcb.be\/fr\/wp-json\/wp\/v2\/comments?post=159"}],"version-history":[{"count":32,"href":"http:\/\/rafcb.be\/fr\/wp-json\/wp\/v2\/pages\/159\/revisions"}],"predecessor-version":[{"id":9267,"href":"http:\/\/rafcb.be\/fr\/wp-json\/wp\/v2\/pages\/159\/revisions\/9267"}],"wp:attachment":[{"href":"http:\/\/rafcb.be\/fr\/wp-json\/wp\/v2\/media?parent=159"}],"curies":[{"name":"wp","href":"https:\/\/api.w.org\/{rel}","templated":true}]}}