{"id":161,"date":"2023-01-01T20:18:27","date_gmt":"2023-01-01T20:18:27","guid":{"rendered":"http:\/\/rafcb.be\/?page_id=161"},"modified":"2026-03-01T18:35:29","modified_gmt":"2026-03-01T18:35:29","slug":"kalender","status":"publish","type":"page","link":"https:\/\/rafcb.be\/fr\/kalender\/","title":{"rendered":"Calendrier"},"content":{"rendered":"\n<p><\/p>\n\n\n\n<div style=\"height:25px\" aria-hidden=\"true\" class=\"wp-block-spacer\"><\/div>\n\n\n<a href=\"https:\/\/rafcb.be\/wp-content\/uploads\/2026\/02\/Invitation-Rallye-du-president-2026_1.pdf\" class=\"pdfemb-viewer\" style=\"width:1250px;\" data-width=\"1250\" data-height=\"max\" data-toolbar=\"top\" data-toolbar-fixed=\"on\">Invitation-Rallye-du-president-2026_1<\/a>\n\n\n<div data-wp-interactive=\"core\/file\" class=\"wp-block-file\"><object data-wp-bind--hidden=\"!state.hasPdfPreview\" hidden class=\"wp-block-file__embed\" data=\"https:\/\/rafcb.be\/wp-content\/uploads\/2026\/02\/Rallye-du-president-2026_Inscription.pdf\" type=\"application\/pdf\" style=\"width:100%;height:600px\" aria-label=\"Embed of Rallye du pr\u00e9sident 2026_Inscription.\"><\/object><a id=\"wp-block-file--media-84aa8481-fe6f-45c6-981b-2632a451a62a\" href=\"https:\/\/rafcb.be\/wp-content\/uploads\/2026\/02\/Rallye-du-president-2026_Inscription.pdf\">Rallye du pr\u00e9sident 2026_Inscription<\/a><a href=\"https:\/\/rafcb.be\/wp-content\/uploads\/2026\/02\/Rallye-du-president-2026_Inscription.pdf\" class=\"wp-block-file__button wp-element-button\" download aria-describedby=\"wp-block-file--media-84aa8481-fe6f-45c6-981b-2632a451a62a\">Download<\/a><\/div>\n\n\n\n<h2 class=\"wp-block-heading\">Planning RAFCB 2026<\/h2>\n\n\n\n<figure class=\"wp-block-table\"><table><tbody><tr><td>27\/01\/2026<\/td><td>R\u00e9ception<\/td><\/tr><tr><td>13-15\/03\/2026<\/td><td>Antwerp Collection Car<\/td><\/tr><tr><td>14\/03\/2026<\/td><td>Assembl\u00e9e G\u00e9n\u00e9rale<\/td><\/tr><tr><td>10\/05\/2026<\/td><td>Rallye du pr\u00e9sident<\/td><\/tr><tr><td>24\/06\/2026<\/td><td>Rallye Beneford<\/td><\/tr><tr><td>13\/09\/2026<\/td><td>Rallye d&#8217;automne<\/td><\/tr><tr><td>14\/11\/2026<\/td><td>Clubdiner<\/td><\/tr><tr><td>11-13\/12\/2026<\/td><td>Prewar Days<\/td><\/tr><\/tbody><\/table><\/figure>\n\n\n\n<p><strong><span style=\"font-size: 20px;\">\u00a0<\/span><\/strong><\/p>\n","protected":false},"excerpt":{"rendered":"<p>Planning RAFCB 2026 27\/01\/2026 R\u00e9ception 13-15\/03\/2026 Antwerp Collection Car 14\/03\/2026 Assembl\u00e9e G\u00e9n\u00e9rale 10\/05\/2026 Rallye du pr\u00e9sident 24\/06\/2026 Rallye Beneford 13\/09\/2026 Rallye d&#8217;automne 14\/11\/2026 Clubdiner 11-13\/12\/2026 Prewar Days \u00a0<\/p>\n","protected":false},"author":1,"featured_media":0,"parent":0,"menu_order":0,"comment_status":"closed","ping_status":"closed","template":"","meta":{"footnotes":""},"class_list":["post-161","page","type-page","status-publish","hentry"],"translation":{"provider":"WPGlobus","version":"3.0.2","language":"fr","enabled_languages":["nl","fr"],"languages":{"nl":{"title":true,"content":true,"excerpt":false},"fr":{"title":true,"content":true,"excerpt":false}}},"_links":{"self":[{"href":"https:\/\/rafcb.be\/fr\/wp-json\/wp\/v2\/pages\/161","targetHints":{"allow":["GET"]}}],"collection":[{"href":"https:\/\/rafcb.be\/fr\/wp-json\/wp\/v2\/pages"}],"about":[{"href":"https:\/\/rafcb.be\/fr\/wp-json\/wp\/v2\/types\/page"}],"author":[{"embeddable":true,"href":"https:\/\/rafcb.be\/fr\/wp-json\/wp\/v2\/users\/1"}],"replies":[{"embeddable":true,"href":"https:\/\/rafcb.be\/fr\/wp-json\/wp\/v2\/comments?post=161"}],"version-history":[{"count":51,"href":"https:\/\/rafcb.be\/fr\/wp-json\/wp\/v2\/pages\/161\/revisions"}],"predecessor-version":[{"id":9815,"href":"https:\/\/rafcb.be\/fr\/wp-json\/wp\/v2\/pages\/161\/revisions\/9815"}],"wp:attachment":[{"href":"https:\/\/rafcb.be\/fr\/wp-json\/wp\/v2\/media?parent=161"}],"curies":[{"name":"wp","href":"https:\/\/api.w.org\/{rel}","templated":true}]}}