{"id":165,"date":"2023-01-01T20:18:53","date_gmt":"2023-01-01T20:18:53","guid":{"rendered":"http:\/\/rafcb.be\/?page_id=165"},"modified":"2023-01-19T10:30:11","modified_gmt":"2023-01-19T10:30:11","slug":"info","status":"publish","type":"page","link":"https:\/\/rafcb.be\/fr\/info\/","title":{"rendered":"Adh\u00e9sion"},"content":{"rendered":"\n<p>En payant la cotisation annuelle de 55 euros, vous pouvez rejoindre notre club pour les voitures Ford d&#8217;avant 1940, \u00e9tendu \u00e0 la Mustang, et participer \u00e0 toutes nos activit\u00e9s.<\/p>\n\n\n\n<p>Pour devenir membre, vous pouvez :<\/p>\n\n\n\n<ul class=\"wp-block-list\">\n<li>t\u00e9l\u00e9charger, compl\u00e9ter et renvoyer le formulaire d&#8217;inscription ci-dessous.<br><\/li>\n\n\n\n<li>contacter le club par e-mail (jan.s4@scarlet.be)<\/li>\n<\/ul>\n\n\n\n<div style=\"height:25px\" aria-hidden=\"true\" class=\"wp-block-spacer\"><\/div>\n\n\n\n<div data-wp-interactive=\"core\/file\" class=\"wp-block-file\"><object data-wp-bind--hidden=\"!state.hasPdfPreview\" hidden class=\"wp-block-file__embed\" data=\"http:\/\/rafcb.be\/wp-content\/uploads\/2023\/01\/telechargement_du_formulaire_d_inscription.pdf\" type=\"application\/pdf\" style=\"width:100%;height:600px\" aria-label=\"Embed of telechargement_du_formulaire_d_inscription.\"><\/object><a id=\"wp-block-file--media-5debf1fe-66af-40f4-9f18-f82d18c2feb5\" href=\"http:\/\/rafcb.be\/wp-content\/uploads\/2023\/01\/telechargement_du_formulaire_d_inscription.pdf\" target=\"_blank\" rel=\"noreferrer noopener\">telechargement_du_formulaire_d_inscription<\/a><\/div>\n","protected":false},"excerpt":{"rendered":"<p>En payant la cotisation annuelle de 55 euros, vous pouvez rejoindre notre club pour les voitures Ford d&#8217;avant 1940, \u00e9tendu \u00e0 la Mustang, et participer \u00e0 toutes nos activit\u00e9s. Pour devenir membre, vous pouvez :<\/p>\n","protected":false},"author":1,"featured_media":0,"parent":0,"menu_order":0,"comment_status":"closed","ping_status":"closed","template":"","meta":{"footnotes":""},"class_list":["post-165","page","type-page","status-publish","hentry"],"translation":{"provider":"WPGlobus","version":"3.0.2","language":"fr","enabled_languages":["nl","fr"],"languages":{"nl":{"title":true,"content":true,"excerpt":false},"fr":{"title":true,"content":true,"excerpt":false}}},"_links":{"self":[{"href":"https:\/\/rafcb.be\/fr\/wp-json\/wp\/v2\/pages\/165","targetHints":{"allow":["GET"]}}],"collection":[{"href":"https:\/\/rafcb.be\/fr\/wp-json\/wp\/v2\/pages"}],"about":[{"href":"https:\/\/rafcb.be\/fr\/wp-json\/wp\/v2\/types\/page"}],"author":[{"embeddable":true,"href":"https:\/\/rafcb.be\/fr\/wp-json\/wp\/v2\/users\/1"}],"replies":[{"embeddable":true,"href":"https:\/\/rafcb.be\/fr\/wp-json\/wp\/v2\/comments?post=165"}],"version-history":[{"count":58,"href":"https:\/\/rafcb.be\/fr\/wp-json\/wp\/v2\/pages\/165\/revisions"}],"predecessor-version":[{"id":9755,"href":"https:\/\/rafcb.be\/fr\/wp-json\/wp\/v2\/pages\/165\/revisions\/9755"}],"wp:attachment":[{"href":"https:\/\/rafcb.be\/fr\/wp-json\/wp\/v2\/media?parent=165"}],"curies":[{"name":"wp","href":"https:\/\/api.w.org\/{rel}","templated":true}]}}