{"id":167,"date":"2023-01-01T20:19:04","date_gmt":"2023-01-01T20:19:04","guid":{"rendered":"http:\/\/rafcb.be\/?page_id=167"},"modified":"2024-12-29T11:46:36","modified_gmt":"2024-12-29T11:46:36","slug":"bestuur","status":"publish","type":"page","link":"https:\/\/rafcb.be\/fr\/bestuur\/","title":{"rendered":"Comit\u00e9"},"content":{"rendered":"\n<div class=\"wp-block-media-text alignwide is-stacked-on-mobile\" style=\"grid-template-columns:18% auto\"><figure class=\"wp-block-media-text__media\"><img loading=\"lazy\" decoding=\"async\" width=\"229\" height=\"311\" src=\"http:\/\/rafcb.be\/wp-content\/uploads\/2023\/01\/jankl.jpg\" alt=\"\" class=\"wp-image-9449 size-full\" srcset=\"https:\/\/rafcb.be\/wp-content\/uploads\/2023\/01\/jankl.jpg 229w, https:\/\/rafcb.be\/wp-content\/uploads\/2023\/01\/jankl-221x300.jpg 221w\" sizes=\"auto, (max-width: 229px) 100vw, 229px\" \/><\/figure><div class=\"wp-block-media-text__content\">\n<p class=\"has-large-font-size\">Jan Schouteden<\/p>\n\n\n\n<p>Pr\u00e9sident<\/p>\n\n\n\n<p>Adresse : Larikslaan 7 &#8211; 2950 Kapellen<\/p>\n\n\n\n<p>T\u00e9l : 0490\/64.27.25<\/p>\n\n\n\n<p>Courriel : jan.s4@scarlet.be<\/p>\n\n\n\n<p><\/p>\n<\/div><\/div>\n\n\n\n<div style=\"height:50px\" aria-hidden=\"true\" class=\"wp-block-spacer\"><\/div>\n\n\n\n<div class=\"wp-block-media-text alignwide is-stacked-on-mobile\" style=\"grid-template-columns:18% auto\"><figure class=\"wp-block-media-text__media\"><img loading=\"lazy\" decoding=\"async\" width=\"230\" height=\"310\" src=\"http:\/\/rafcb.be\/wp-content\/uploads\/2023\/01\/Freddy-NEUDTkl.jpg\" alt=\"\" class=\"wp-image-9147 size-full\" srcset=\"https:\/\/rafcb.be\/wp-content\/uploads\/2023\/01\/Freddy-NEUDTkl.jpg 230w, https:\/\/rafcb.be\/wp-content\/uploads\/2023\/01\/Freddy-NEUDTkl-223x300.jpg 223w, https:\/\/rafcb.be\/wp-content\/uploads\/2023\/01\/Freddy-NEUDTkl-9x12.jpg 9w\" sizes=\"auto, (max-width: 230px) 100vw, 230px\" \/><\/figure><div class=\"wp-block-media-text__content\">\n<p class=\"has-large-font-size\">Freddy Neudt<\/p>\n\n\n\n<p>Secr\u00e9taire et coordinateur d&#8217;\u00e9v\u00e9nements<\/p>\n\n\n\n<p>Adresse : Alfons Servaislei 15 &#8211; 2900 Schoten<\/p>\n\n\n\n<p>T\u00e9l : 0477\/56.83.35<\/p>\n\n\n\n<p>Courriel : freddy@qe.be<\/p>\n<\/div><\/div>\n\n\n\n<div style=\"height:50px\" aria-hidden=\"true\" class=\"wp-block-spacer\"><\/div>\n\n\n\n<div class=\"wp-block-media-text alignwide is-stacked-on-mobile\" style=\"grid-template-columns:18% auto\"><figure class=\"wp-block-media-text__media\"><img loading=\"lazy\" decoding=\"async\" width=\"227\" height=\"311\" src=\"http:\/\/rafcb.be\/wp-content\/uploads\/2023\/01\/Philippe-MEEUS.jpg\" alt=\"\" class=\"wp-image-9148 size-full\" srcset=\"https:\/\/rafcb.be\/wp-content\/uploads\/2023\/01\/Philippe-MEEUS.jpg 227w, https:\/\/rafcb.be\/wp-content\/uploads\/2023\/01\/Philippe-MEEUS-219x300.jpg 219w, https:\/\/rafcb.be\/wp-content\/uploads\/2023\/01\/Philippe-MEEUS-9x12.jpg 9w\" sizes=\"auto, (max-width: 227px) 100vw, 227px\" \/><\/figure><div class=\"wp-block-media-text__content\">\n<p class=\"has-large-font-size\">Philippe Meeus<\/p>\n\n\n\n<p>Vice-pr\u00e9sident, tr\u00e9sorier et webmaster<\/p>\n\n\n\n<p>Adresse : Vredestraat 29 &#8211; 1830 Machelen<\/p>\n\n\n\n<p>T\u00e9l : 0475\/61.74.63<\/p>\n\n\n\n<p>Courriel : philippe.meeus@telenet.be<\/p>\n<\/div><\/div>\n","protected":false},"excerpt":{"rendered":"<p>Jan Schouteden Pr\u00e9sident Adresse : Larikslaan 7 &#8211; 2950 Kapellen T\u00e9l : 0490\/64.27.25 Courriel : jan.s4@scarlet.be Freddy Neudt Secr\u00e9taire et coordinateur d&#8217;\u00e9v\u00e9nements Adresse : Alfons Servaislei 15 &#8211; 2900 Schoten T\u00e9l : 0477\/56.83.35 Courriel : freddy@qe.be Philippe Meeus Vice-pr\u00e9sident, tr\u00e9sorier et webmaster Adresse : Vredestraat 29 &#8211; 1830 Machelen T\u00e9l<a class=\"read-more\" href=\"https:\/\/rafcb.be\/fr\/bestuur\/\"> ( more&#8230; )<\/a><\/p>\n","protected":false},"author":1,"featured_media":0,"parent":0,"menu_order":0,"comment_status":"closed","ping_status":"closed","template":"","meta":{"footnotes":""},"class_list":["post-167","page","type-page","status-publish","hentry"],"translation":{"provider":"WPGlobus","version":"3.0.2","language":"fr","enabled_languages":["nl","fr"],"languages":{"nl":{"title":true,"content":true,"excerpt":false},"fr":{"title":true,"content":true,"excerpt":false}}},"_links":{"self":[{"href":"https:\/\/rafcb.be\/fr\/wp-json\/wp\/v2\/pages\/167","targetHints":{"allow":["GET"]}}],"collection":[{"href":"https:\/\/rafcb.be\/fr\/wp-json\/wp\/v2\/pages"}],"about":[{"href":"https:\/\/rafcb.be\/fr\/wp-json\/wp\/v2\/types\/page"}],"author":[{"embeddable":true,"href":"https:\/\/rafcb.be\/fr\/wp-json\/wp\/v2\/users\/1"}],"replies":[{"embeddable":true,"href":"https:\/\/rafcb.be\/fr\/wp-json\/wp\/v2\/comments?post=167"}],"version-history":[{"count":12,"href":"https:\/\/rafcb.be\/fr\/wp-json\/wp\/v2\/pages\/167\/revisions"}],"predecessor-version":[{"id":9598,"href":"https:\/\/rafcb.be\/fr\/wp-json\/wp\/v2\/pages\/167\/revisions\/9598"}],"wp:attachment":[{"href":"https:\/\/rafcb.be\/fr\/wp-json\/wp\/v2\/media?parent=167"}],"curies":[{"name":"wp","href":"https:\/\/api.w.org\/{rel}","templated":true}]}}