{"id":171,"date":"2023-01-01T20:19:48","date_gmt":"2023-01-01T20:19:48","guid":{"rendered":"http:\/\/rafcb.be\/?page_id=171"},"modified":"2023-01-23T19:06:39","modified_gmt":"2023-01-23T19:06:39","slug":"contact","status":"publish","type":"page","link":"https:\/\/rafcb.be\/fr\/contact\/","title":{"rendered":"Contact"},"content":{"rendered":"\n<p>N&#8217;h\u00e9sitez pas \u00e0 nous contacter en utilisant les coordonn\u00e9es ci-dessous, ou en envoyant un message via le formulaire :<\/p>\n\n\n\n<p>Royal Ancient Ford Club Belgium ASBL<\/p>\n\n\n\n<p>Larikslaan 7<\/p>\n\n\n\n<p>B-2950 Kapellen<\/p>\n\n\n\n<p>jan.s4@scarlet.be<\/p>\n\n\n\n<p>Num\u00e9ro d&#8217;entreprise 0412 762 318<\/p>\n\n\n\n<p>RPM Antwerpen<\/p>\n\n\n<div class=\"wpforms-container wpforms-container-full wpforms-block\" id=\"wpforms-9347\"><form id=\"wpforms-form-9347\" class=\"wpforms-validate wpforms-form wpforms-ajax-form\" data-formid=\"9347\" method=\"post\" enctype=\"multipart\/form-data\" action=\"\/fr\/wp-json\/wp\/v2\/pages\/171\" data-token=\"917a055949e7d80109d309fa2c9fe026\" data-token-time=\"1776570258\"><noscript class=\"wpforms-error-noscript\">Please enable JavaScript in your browser to complete this form.<\/noscript><div class=\"wpforms-field-container\"><div id=\"wpforms-9347-field_0-container\" class=\"wpforms-field wpforms-field-name\" data-field-id=\"0\"><label class=\"wpforms-field-label\" for=\"wpforms-9347-field_0\">Nom <span class=\"wpforms-required-label\">*<\/span><\/label><input type=\"text\" id=\"wpforms-9347-field_0\" class=\"wpforms-field-medium wpforms-field-required\" name=\"wpforms[fields][0]\" required><\/div><div id=\"wpforms-9347-field_1-container\" class=\"wpforms-field wpforms-field-email\" data-field-id=\"1\"><label class=\"wpforms-field-label\" for=\"wpforms-9347-field_1\">Courriel <span class=\"wpforms-required-label\">*<\/span><\/label><input type=\"email\" id=\"wpforms-9347-field_1\" class=\"wpforms-field-medium wpforms-field-required\" name=\"wpforms[fields][1]\" spellcheck=\"false\" required><\/div><div id=\"wpforms-9347-field_2-container\" class=\"wpforms-field wpforms-field-textarea\" data-field-id=\"2\"><label class=\"wpforms-field-label\" for=\"wpforms-9347-field_2\">Message<\/label><textarea id=\"wpforms-9347-field_2\" class=\"wpforms-field-medium\" name=\"wpforms[fields][2]\" ><\/textarea><\/div><\/div><!-- .wpforms-field-container --><div class=\"wpforms-submit-container\" ><input type=\"hidden\" name=\"wpforms[id]\" value=\"9347\"><input type=\"hidden\" name=\"page_title\" value=\"\"><input type=\"hidden\" name=\"page_url\" value=\"https:\/\/rafcb.be\/fr\/wp-json\/wp\/v2\/pages\/171\"><input type=\"hidden\" name=\"url_referer\" value=\"\"><button type=\"submit\" name=\"wpforms[submit]\" id=\"wpforms-submit-9347\" class=\"wpforms-submit\" data-alt-text=\"En cours de transmission...\" data-submit-text=\"Envoyer\" aria-live=\"assertive\" value=\"wpforms-submit\">Envoyer<\/button><img loading=\"lazy\" decoding=\"async\" src=\"https:\/\/rafcb.be\/wp-content\/plugins\/wpforms-lite\/assets\/images\/submit-spin.svg\" class=\"wpforms-submit-spinner\" style=\"display: none;\" width=\"26\" height=\"26\" alt=\"Loading\"><\/div><\/form><\/div>  <!-- .wpforms-container -->\n\n\n<div data-wp-interactive=\"core\/file\" class=\"wp-block-file\"><object data-wp-bind--hidden=\"!state.hasPdfPreview\" hidden class=\"wp-block-file__embed\" data=\"http:\/\/rafcb.be\/wp-content\/uploads\/2023\/01\/Declaration-de-confidentialite.pdf\" type=\"application\/pdf\" style=\"width:100%;height:600px\" aria-label=\"Embed of Declaration-de-confidentialite.\"><\/object><a id=\"wp-block-file--media-abfb6e6f-afc8-4775-98ca-1cccf8286c01\" href=\"http:\/\/rafcb.be\/wp-content\/uploads\/2023\/01\/Declaration-de-confidentialite.pdf\" target=\"_blank\" rel=\"noreferrer noopener\">Declaration-de-confidentialite<\/a><a href=\"http:\/\/rafcb.be\/wp-content\/uploads\/2023\/01\/Declaration-de-confidentialite.pdf\" class=\"wp-block-file__button wp-element-button\" download aria-describedby=\"wp-block-file--media-abfb6e6f-afc8-4775-98ca-1cccf8286c01\">Download<\/a><\/div>\n","protected":false},"excerpt":{"rendered":"<p>N&#8217;h\u00e9sitez pas \u00e0 nous contacter en utilisant les coordonn\u00e9es ci-dessous, ou en envoyant un message via le formulaire : Royal Ancient Ford Club Belgium ASBL Larikslaan 7 B-2950 Kapellen jan.s4@scarlet.be Num\u00e9ro d&#8217;entreprise 0412 762 318 RPM Antwerpen<\/p>\n","protected":false},"author":1,"featured_media":0,"parent":0,"menu_order":0,"comment_status":"closed","ping_status":"closed","template":"","meta":{"footnotes":""},"class_list":["post-171","page","type-page","status-publish","hentry"],"translation":{"provider":"WPGlobus","version":"3.0.2","language":"fr","enabled_languages":["nl","fr"],"languages":{"nl":{"title":true,"content":true,"excerpt":false},"fr":{"title":true,"content":true,"excerpt":false}}},"_links":{"self":[{"href":"https:\/\/rafcb.be\/fr\/wp-json\/wp\/v2\/pages\/171","targetHints":{"allow":["GET"]}}],"collection":[{"href":"https:\/\/rafcb.be\/fr\/wp-json\/wp\/v2\/pages"}],"about":[{"href":"https:\/\/rafcb.be\/fr\/wp-json\/wp\/v2\/types\/page"}],"author":[{"embeddable":true,"href":"https:\/\/rafcb.be\/fr\/wp-json\/wp\/v2\/users\/1"}],"replies":[{"embeddable":true,"href":"https:\/\/rafcb.be\/fr\/wp-json\/wp\/v2\/comments?post=171"}],"version-history":[{"count":13,"href":"https:\/\/rafcb.be\/fr\/wp-json\/wp\/v2\/pages\/171\/revisions"}],"predecessor-version":[{"id":9474,"href":"https:\/\/rafcb.be\/fr\/wp-json\/wp\/v2\/pages\/171\/revisions\/9474"}],"wp:attachment":[{"href":"https:\/\/rafcb.be\/fr\/wp-json\/wp\/v2\/media?parent=171"}],"curies":[{"name":"wp","href":"https:\/\/api.w.org\/{rel}","templated":true}]}}