{"id":9676,"date":"2025-01-03T11:31:07","date_gmt":"2025-01-03T11:31:07","guid":{"rendered":"http:\/\/rafcb.be\/?page_id=9676"},"modified":"2025-01-03T14:33:45","modified_gmt":"2025-01-03T14:33:45","slug":"2024-2","status":"publish","type":"page","link":"https:\/\/rafcb.be\/fr\/2024-2\/","title":{"rendered":"2024"},"content":{"rendered":"\n<p><strong>2024 Clubdiner<\/strong><\/p>\n\n\n\n<p><strong>2024 Rallye d&#8217;automne<\/strong><\/p>\n\n\n<style type=\"text\/css\">\n#foogallery-gallery-9706.fg-masonry { --fg-gutter: 10px; }<\/style>\n\t\t\t<div class=\"foogallery foogallery-container foogallery-masonry foogallery-lightbox-foobox fg-center fg-masonry fg-ready fg-dark fg-shadow-small fg-loading-default fg-loaded-fade-in fg-captions-bottom fg-hover-fade fg-hover-plus fg-col6\" id=\"foogallery-gallery-9706\" data-foogallery=\"{&quot;item&quot;:{&quot;showCaptionTitle&quot;:true,&quot;showCaptionDescription&quot;:true},&quot;lazy&quot;:true,&quot;paging&quot;:{&quot;type&quot;:&quot;dots&quot;,&quot;size&quot;:12,&quot;position&quot;:&quot;bottom&quot;,&quot;scrollToTop&quot;:false,&quot;output&quot;:&quot;&quot;,&quot;theme&quot;:&quot;fg-light&quot;}}\" style=\"--fg-title-line-clamp: 0; --fg-description-line-clamp: 0;\" >\n\t\t<div class=\"fg-column-width\"><\/div>\n\t<div class=\"fg-gutter-width\"><\/div>\n\t\t<div class=\"fg-item fg-type-image fg-idle\"><figure class=\"fg-item-inner\"><a href=\"https:\/\/rafcb.be\/wp-content\/uploads\/2025\/01\/20240915_093956.jpg\" data-attachment-id=\"9707\" data-type=\"image\" class=\"fg-thumb\"><span class=\"fg-image-wrap\"><img decoding=\"async\" width=\"250\" height=\"188\" class=\"skip-lazy fg-image\" data-src-fg=\"https:\/\/rafcb.be\/wp-content\/uploads\/cache\/2025\/01\/20240915_093956\/1377955493.jpg\" src=\"data:image\/svg+xml,%3Csvg%20xmlns%3D%22http%3A%2F%2Fwww.w3.org%2F2000%2Fsvg%22%20width%3D%22250%22%20height%3D%22188%22%20viewBox%3D%220%200%20250%20188%22%3E%3C%2Fsvg%3E\" loading=\"eager\"><\/span><span class=\"fg-image-overlay\"><\/span><\/a><\/figure><div class=\"fg-loader\"><\/div><\/div><div class=\"fg-item fg-type-image fg-idle\"><figure class=\"fg-item-inner\"><a href=\"https:\/\/rafcb.be\/wp-content\/uploads\/2025\/01\/20240915_094021.jpg\" data-attachment-id=\"9708\" data-type=\"image\" class=\"fg-thumb\"><span class=\"fg-image-wrap\"><img decoding=\"async\" width=\"250\" height=\"188\" class=\"skip-lazy fg-image\" data-src-fg=\"https:\/\/rafcb.be\/wp-content\/uploads\/cache\/2025\/01\/20240915_094021\/1757407407.jpg\" src=\"data:image\/svg+xml,%3Csvg%20xmlns%3D%22http%3A%2F%2Fwww.w3.org%2F2000%2Fsvg%22%20width%3D%22250%22%20height%3D%22188%22%20viewBox%3D%220%200%20250%20188%22%3E%3C%2Fsvg%3E\" loading=\"eager\"><\/span><span class=\"fg-image-overlay\"><\/span><\/a><\/figure><div class=\"fg-loader\"><\/div><\/div><div class=\"fg-item fg-type-image fg-idle\"><figure class=\"fg-item-inner\"><a href=\"https:\/\/rafcb.be\/wp-content\/uploads\/2025\/01\/20240915_094024.jpg\" data-attachment-id=\"9709\" data-type=\"image\" class=\"fg-thumb\"><span class=\"fg-image-wrap\"><img decoding=\"async\" width=\"250\" height=\"188\" class=\"skip-lazy fg-image\" data-src-fg=\"https:\/\/rafcb.be\/wp-content\/uploads\/cache\/2025\/01\/20240915_094024\/972471598.jpg\" src=\"data:image\/svg+xml,%3Csvg%20xmlns%3D%22http%3A%2F%2Fwww.w3.org%2F2000%2Fsvg%22%20width%3D%22250%22%20height%3D%22188%22%20viewBox%3D%220%200%20250%20188%22%3E%3C%2Fsvg%3E\" loading=\"eager\"><\/span><span class=\"fg-image-overlay\"><\/span><\/a><\/figure><div class=\"fg-loader\"><\/div><\/div><div class=\"fg-item fg-type-image fg-idle\"><figure class=\"fg-item-inner\"><a href=\"https:\/\/rafcb.be\/wp-content\/uploads\/2025\/01\/20240915_094251.jpg\" data-attachment-id=\"9710\" data-type=\"image\" class=\"fg-thumb\"><span class=\"fg-image-wrap\"><img decoding=\"async\" width=\"250\" height=\"188\" class=\"skip-lazy fg-image\" data-src-fg=\"https:\/\/rafcb.be\/wp-content\/uploads\/cache\/2025\/01\/20240915_094251\/353908191.jpg\" src=\"data:image\/svg+xml,%3Csvg%20xmlns%3D%22http%3A%2F%2Fwww.w3.org%2F2000%2Fsvg%22%20width%3D%22250%22%20height%3D%22188%22%20viewBox%3D%220%200%20250%20188%22%3E%3C%2Fsvg%3E\" loading=\"eager\"><\/span><span class=\"fg-image-overlay\"><\/span><\/a><\/figure><div class=\"fg-loader\"><\/div><\/div><div class=\"fg-item fg-type-image fg-idle\"><figure class=\"fg-item-inner\"><a href=\"https:\/\/rafcb.be\/wp-content\/uploads\/2025\/01\/20240915_111952.jpg\" data-attachment-id=\"9711\" data-type=\"image\" class=\"fg-thumb\"><span class=\"fg-image-wrap\"><img decoding=\"async\" width=\"250\" height=\"188\" class=\"skip-lazy fg-image\" data-src-fg=\"https:\/\/rafcb.be\/wp-content\/uploads\/cache\/2025\/01\/20240915_111952\/3490943255.jpg\" src=\"data:image\/svg+xml,%3Csvg%20xmlns%3D%22http%3A%2F%2Fwww.w3.org%2F2000%2Fsvg%22%20width%3D%22250%22%20height%3D%22188%22%20viewBox%3D%220%200%20250%20188%22%3E%3C%2Fsvg%3E\" loading=\"eager\"><\/span><span class=\"fg-image-overlay\"><\/span><\/a><\/figure><div class=\"fg-loader\"><\/div><\/div><div class=\"fg-item fg-type-image fg-idle\"><figure class=\"fg-item-inner\"><a href=\"https:\/\/rafcb.be\/wp-content\/uploads\/2025\/01\/20240915_111958.jpg\" data-attachment-id=\"9712\" data-type=\"image\" class=\"fg-thumb\"><span class=\"fg-image-wrap\"><img decoding=\"async\" width=\"250\" height=\"188\" class=\"skip-lazy fg-image\" data-src-fg=\"https:\/\/rafcb.be\/wp-content\/uploads\/cache\/2025\/01\/20240915_111958\/1797808624.jpg\" src=\"data:image\/svg+xml,%3Csvg%20xmlns%3D%22http%3A%2F%2Fwww.w3.org%2F2000%2Fsvg%22%20width%3D%22250%22%20height%3D%22188%22%20viewBox%3D%220%200%20250%20188%22%3E%3C%2Fsvg%3E\" loading=\"eager\"><\/span><span class=\"fg-image-overlay\"><\/span><\/a><\/figure><div class=\"fg-loader\"><\/div><\/div><div class=\"fg-item fg-type-image fg-idle\"><figure class=\"fg-item-inner\"><a href=\"https:\/\/rafcb.be\/wp-content\/uploads\/2025\/01\/20240915_112021.jpg\" data-attachment-id=\"9713\" data-type=\"image\" class=\"fg-thumb\"><span class=\"fg-image-wrap\"><img decoding=\"async\" width=\"250\" height=\"188\" class=\"skip-lazy fg-image\" data-src-fg=\"https:\/\/rafcb.be\/wp-content\/uploads\/cache\/2025\/01\/20240915_112021\/1817706812.jpg\" src=\"data:image\/svg+xml,%3Csvg%20xmlns%3D%22http%3A%2F%2Fwww.w3.org%2F2000%2Fsvg%22%20width%3D%22250%22%20height%3D%22188%22%20viewBox%3D%220%200%20250%20188%22%3E%3C%2Fsvg%3E\" loading=\"eager\"><\/span><span class=\"fg-image-overlay\"><\/span><\/a><\/figure><div class=\"fg-loader\"><\/div><\/div><div class=\"fg-item fg-type-image fg-idle\"><figure class=\"fg-item-inner\"><a href=\"https:\/\/rafcb.be\/wp-content\/uploads\/2025\/01\/20240915_112305.jpg\" data-attachment-id=\"9714\" data-type=\"image\" class=\"fg-thumb\"><span class=\"fg-image-wrap\"><img decoding=\"async\" width=\"250\" height=\"188\" class=\"skip-lazy fg-image\" data-src-fg=\"https:\/\/rafcb.be\/wp-content\/uploads\/cache\/2025\/01\/20240915_112305\/1636638712.jpg\" src=\"data:image\/svg+xml,%3Csvg%20xmlns%3D%22http%3A%2F%2Fwww.w3.org%2F2000%2Fsvg%22%20width%3D%22250%22%20height%3D%22188%22%20viewBox%3D%220%200%20250%20188%22%3E%3C%2Fsvg%3E\" loading=\"eager\"><\/span><span class=\"fg-image-overlay\"><\/span><\/a><\/figure><div class=\"fg-loader\"><\/div><\/div><div class=\"fg-item fg-type-image fg-idle\"><figure class=\"fg-item-inner\"><a href=\"https:\/\/rafcb.be\/wp-content\/uploads\/2025\/01\/20240915_112313.jpg\" data-attachment-id=\"9715\" data-type=\"image\" class=\"fg-thumb\"><span class=\"fg-image-wrap\"><img decoding=\"async\" width=\"250\" height=\"188\" class=\"skip-lazy fg-image\" data-src-fg=\"https:\/\/rafcb.be\/wp-content\/uploads\/cache\/2025\/01\/20240915_112313\/2838518233.jpg\" src=\"data:image\/svg+xml,%3Csvg%20xmlns%3D%22http%3A%2F%2Fwww.w3.org%2F2000%2Fsvg%22%20width%3D%22250%22%20height%3D%22188%22%20viewBox%3D%220%200%20250%20188%22%3E%3C%2Fsvg%3E\" loading=\"eager\"><\/span><span class=\"fg-image-overlay\"><\/span><\/a><\/figure><div class=\"fg-loader\"><\/div><\/div><div class=\"fg-item fg-type-image fg-idle\"><figure class=\"fg-item-inner\"><a href=\"https:\/\/rafcb.be\/wp-content\/uploads\/2025\/01\/20240915_123352.jpg\" data-attachment-id=\"9716\" data-type=\"image\" class=\"fg-thumb\"><span class=\"fg-image-wrap\"><img decoding=\"async\" width=\"250\" height=\"188\" class=\"skip-lazy fg-image\" data-src-fg=\"https:\/\/rafcb.be\/wp-content\/uploads\/cache\/2025\/01\/20240915_123352\/2761812308.jpg\" src=\"data:image\/svg+xml,%3Csvg%20xmlns%3D%22http%3A%2F%2Fwww.w3.org%2F2000%2Fsvg%22%20width%3D%22250%22%20height%3D%22188%22%20viewBox%3D%220%200%20250%20188%22%3E%3C%2Fsvg%3E\" loading=\"eager\"><\/span><span class=\"fg-image-overlay\"><\/span><\/a><\/figure><div class=\"fg-loader\"><\/div><\/div><div class=\"fg-item fg-type-image fg-idle\"><figure class=\"fg-item-inner\"><a href=\"https:\/\/rafcb.be\/wp-content\/uploads\/2025\/01\/20240915_152135.jpg\" data-attachment-id=\"9717\" data-type=\"image\" class=\"fg-thumb\"><span class=\"fg-image-wrap\"><img decoding=\"async\" width=\"250\" height=\"188\" class=\"skip-lazy fg-image\" data-src-fg=\"https:\/\/rafcb.be\/wp-content\/uploads\/cache\/2025\/01\/20240915_152135\/1963467856.jpg\" src=\"data:image\/svg+xml,%3Csvg%20xmlns%3D%22http%3A%2F%2Fwww.w3.org%2F2000%2Fsvg%22%20width%3D%22250%22%20height%3D%22188%22%20viewBox%3D%220%200%20250%20188%22%3E%3C%2Fsvg%3E\" loading=\"eager\"><\/span><span class=\"fg-image-overlay\"><\/span><\/a><\/figure><div class=\"fg-loader\"><\/div><\/div><div class=\"fg-item fg-type-image fg-idle\"><figure class=\"fg-item-inner\"><a href=\"https:\/\/rafcb.be\/wp-content\/uploads\/2025\/01\/20240915_152153.jpg\" data-attachment-id=\"9718\" data-type=\"image\" class=\"fg-thumb\"><span class=\"fg-image-wrap\"><img decoding=\"async\" width=\"250\" height=\"188\" class=\"skip-lazy fg-image\" data-src-fg=\"https:\/\/rafcb.be\/wp-content\/uploads\/cache\/2025\/01\/20240915_152153\/1097402574.jpg\" src=\"data:image\/svg+xml,%3Csvg%20xmlns%3D%22http%3A%2F%2Fwww.w3.org%2F2000%2Fsvg%22%20width%3D%22250%22%20height%3D%22188%22%20viewBox%3D%220%200%20250%20188%22%3E%3C%2Fsvg%3E\" loading=\"eager\"><\/span><span class=\"fg-image-overlay\"><\/span><\/a><\/figure><div class=\"fg-loader\"><\/div><\/div><\/div><nav id=\"foogallery-gallery-9706_paging-bottom\" class=\"fg-paging-container fg-ph-dots\"><\/nav><script type=\"text\/javascript\">  window[\"foogallery-gallery-9706_items\"] = [{\"href\":\"https:\/\/rafcb.be\/wp-content\/uploads\/2025\/01\/20240915_152442.jpg\",\"type\":\"image\",\"src\":\"https:\/\/rafcb.be\/wp-content\/uploads\/cache\/2025\/01\/20240915_152442\/1698204850.jpg\",\"width\":250,\"height\":188,\"alt\":\"\",\"id\":9719,\"attr\":{\"anchor\":{\"data-attachment-id\":9719,\"class\":\"fg-thumb\"}}}, {\"href\":\"https:\/\/rafcb.be\/wp-content\/uploads\/2025\/01\/20240915_152500.jpg\",\"type\":\"image\",\"src\":\"https:\/\/rafcb.be\/wp-content\/uploads\/cache\/2025\/01\/20240915_152500\/3928748933.jpg\",\"width\":250,\"height\":188,\"alt\":\"\",\"id\":9720,\"attr\":{\"anchor\":{\"data-attachment-id\":9720,\"class\":\"fg-thumb\"}}}, {\"href\":\"https:\/\/rafcb.be\/wp-content\/uploads\/2025\/01\/20240915_161954.jpg\",\"type\":\"image\",\"src\":\"https:\/\/rafcb.be\/wp-content\/uploads\/cache\/2025\/01\/20240915_161954\/3374299050.jpg\",\"width\":250,\"height\":188,\"alt\":\"\",\"id\":9721,\"attr\":{\"anchor\":{\"data-attachment-id\":9721,\"class\":\"fg-thumb\"}}}, {\"href\":\"https:\/\/rafcb.be\/wp-content\/uploads\/2025\/01\/20240915_162020.jpg\",\"type\":\"image\",\"src\":\"https:\/\/rafcb.be\/wp-content\/uploads\/cache\/2025\/01\/20240915_162020\/1714976125.jpg\",\"width\":250,\"height\":188,\"alt\":\"\",\"id\":9722,\"attr\":{\"anchor\":{\"data-attachment-id\":9722,\"class\":\"fg-thumb\"}}}, {\"href\":\"https:\/\/rafcb.be\/wp-content\/uploads\/2025\/01\/20240915_170132.jpg\",\"type\":\"image\",\"src\":\"https:\/\/rafcb.be\/wp-content\/uploads\/cache\/2025\/01\/20240915_170132\/113550134.jpg\",\"width\":250,\"height\":188,\"alt\":\"\",\"id\":9723,\"attr\":{\"anchor\":{\"data-attachment-id\":9723,\"class\":\"fg-thumb\"}}}, {\"href\":\"https:\/\/rafcb.be\/wp-content\/uploads\/2025\/01\/20240915_180450.jpg\",\"type\":\"image\",\"src\":\"https:\/\/rafcb.be\/wp-content\/uploads\/cache\/2025\/01\/20240915_180450\/4011330127.jpg\",\"width\":250,\"height\":188,\"alt\":\"\",\"id\":9724,\"attr\":{\"anchor\":{\"data-attachment-id\":9724,\"class\":\"fg-thumb\"}}}, {\"href\":\"https:\/\/rafcb.be\/wp-content\/uploads\/2025\/01\/20240915_180456.jpg\",\"type\":\"image\",\"src\":\"https:\/\/rafcb.be\/wp-content\/uploads\/cache\/2025\/01\/20240915_180456\/819877933.jpg\",\"width\":250,\"height\":188,\"alt\":\"\",\"id\":9725,\"attr\":{\"anchor\":{\"data-attachment-id\":9725,\"class\":\"fg-thumb\"}}}  ];<\/script>\n\n\n\n<p><strong>2024 Rallye du pr\u00e9sident<\/strong><\/p>\n\n\n\n<p><strong>2024 Antwerp Classic Salon<\/strong><\/p>\n\n\n<style type=\"text\/css\">\n#foogallery-gallery-9661.fg-masonry { --fg-gutter: 10px; }<\/style>\n\t\t\t<div class=\"foogallery foogallery-container foogallery-masonry foogallery-lightbox-foobox fg-center fg-masonry fg-ready fg-dark fg-shadow-small fg-loading-default fg-loaded-fade-in fg-captions-bottom fg-hover-fade fg-hover-plus fg-col6\" id=\"foogallery-gallery-9661\" data-foogallery=\"{&quot;item&quot;:{&quot;showCaptionTitle&quot;:true,&quot;showCaptionDescription&quot;:true},&quot;lazy&quot;:true,&quot;paging&quot;:{&quot;type&quot;:&quot;dots&quot;,&quot;size&quot;:12,&quot;position&quot;:&quot;bottom&quot;,&quot;scrollToTop&quot;:false,&quot;output&quot;:&quot;&quot;,&quot;theme&quot;:&quot;fg-light&quot;}}\" style=\"--fg-title-line-clamp: 0; --fg-description-line-clamp: 0;\" >\n\t\t<div class=\"fg-column-width\"><\/div>\n\t<div class=\"fg-gutter-width\"><\/div>\n\t\t<div class=\"fg-item fg-type-image fg-idle\"><figure class=\"fg-item-inner\"><a href=\"https:\/\/rafcb.be\/wp-content\/uploads\/2025\/01\/20231201_172152.jpg\" data-attachment-id=\"9662\" data-type=\"image\" class=\"fg-thumb\"><span class=\"fg-image-wrap\"><img decoding=\"async\" width=\"250\" height=\"121\" class=\"skip-lazy fg-image\" data-src-fg=\"https:\/\/rafcb.be\/wp-content\/uploads\/cache\/2025\/01\/20231201_172152\/198851522.jpg\" src=\"data:image\/svg+xml,%3Csvg%20xmlns%3D%22http%3A%2F%2Fwww.w3.org%2F2000%2Fsvg%22%20width%3D%22250%22%20height%3D%22121%22%20viewBox%3D%220%200%20250%20121%22%3E%3C%2Fsvg%3E\" loading=\"eager\"><\/span><span class=\"fg-image-overlay\"><\/span><\/a><\/figure><div class=\"fg-loader\"><\/div><\/div><div class=\"fg-item fg-type-image fg-idle\"><figure class=\"fg-item-inner\"><a href=\"https:\/\/rafcb.be\/wp-content\/uploads\/2025\/01\/20231201_172200.jpg\" data-attachment-id=\"9663\" data-type=\"image\" class=\"fg-thumb\"><span class=\"fg-image-wrap\"><img decoding=\"async\" width=\"250\" height=\"121\" class=\"skip-lazy fg-image\" data-src-fg=\"https:\/\/rafcb.be\/wp-content\/uploads\/cache\/2025\/01\/20231201_172200\/4059470102.jpg\" src=\"data:image\/svg+xml,%3Csvg%20xmlns%3D%22http%3A%2F%2Fwww.w3.org%2F2000%2Fsvg%22%20width%3D%22250%22%20height%3D%22121%22%20viewBox%3D%220%200%20250%20121%22%3E%3C%2Fsvg%3E\" loading=\"eager\"><\/span><span class=\"fg-image-overlay\"><\/span><\/a><\/figure><div class=\"fg-loader\"><\/div><\/div><div class=\"fg-item fg-type-image fg-idle\"><figure class=\"fg-item-inner\"><a href=\"https:\/\/rafcb.be\/wp-content\/uploads\/2025\/01\/20231201_172216.jpg\" data-attachment-id=\"9664\" data-type=\"image\" class=\"fg-thumb\"><span class=\"fg-image-wrap\"><img decoding=\"async\" width=\"250\" height=\"121\" class=\"skip-lazy fg-image\" data-src-fg=\"https:\/\/rafcb.be\/wp-content\/uploads\/cache\/2025\/01\/20231201_172216\/1824261993.jpg\" src=\"data:image\/svg+xml,%3Csvg%20xmlns%3D%22http%3A%2F%2Fwww.w3.org%2F2000%2Fsvg%22%20width%3D%22250%22%20height%3D%22121%22%20viewBox%3D%220%200%20250%20121%22%3E%3C%2Fsvg%3E\" loading=\"eager\"><\/span><span class=\"fg-image-overlay\"><\/span><\/a><\/figure><div class=\"fg-loader\"><\/div><\/div><div class=\"fg-item fg-type-image fg-idle\"><figure class=\"fg-item-inner\"><a href=\"https:\/\/rafcb.be\/wp-content\/uploads\/2025\/01\/20231201_180617.jpg\" data-attachment-id=\"9667\" data-type=\"image\" class=\"fg-thumb\"><span class=\"fg-image-wrap\"><img decoding=\"async\" width=\"250\" height=\"121\" class=\"skip-lazy fg-image\" data-src-fg=\"https:\/\/rafcb.be\/wp-content\/uploads\/cache\/2025\/01\/20231201_180617\/2852023570.jpg\" src=\"data:image\/svg+xml,%3Csvg%20xmlns%3D%22http%3A%2F%2Fwww.w3.org%2F2000%2Fsvg%22%20width%3D%22250%22%20height%3D%22121%22%20viewBox%3D%220%200%20250%20121%22%3E%3C%2Fsvg%3E\" loading=\"eager\"><\/span><span class=\"fg-image-overlay\"><\/span><\/a><\/figure><div class=\"fg-loader\"><\/div><\/div><div class=\"fg-item fg-type-image fg-idle\"><figure class=\"fg-item-inner\"><a href=\"https:\/\/rafcb.be\/wp-content\/uploads\/2025\/01\/20231201_180622.jpg\" data-attachment-id=\"9668\" data-type=\"image\" class=\"fg-thumb\"><span class=\"fg-image-wrap\"><img decoding=\"async\" width=\"250\" height=\"121\" class=\"skip-lazy fg-image\" data-src-fg=\"https:\/\/rafcb.be\/wp-content\/uploads\/cache\/2025\/01\/20231201_180622\/1502020384.jpg\" src=\"data:image\/svg+xml,%3Csvg%20xmlns%3D%22http%3A%2F%2Fwww.w3.org%2F2000%2Fsvg%22%20width%3D%22250%22%20height%3D%22121%22%20viewBox%3D%220%200%20250%20121%22%3E%3C%2Fsvg%3E\" loading=\"eager\"><\/span><span class=\"fg-image-overlay\"><\/span><\/a><\/figure><div class=\"fg-loader\"><\/div><\/div><div class=\"fg-item fg-type-image fg-idle\"><figure class=\"fg-item-inner\"><a href=\"https:\/\/rafcb.be\/wp-content\/uploads\/2025\/01\/20231201_180626.jpg\" data-attachment-id=\"9669\" data-type=\"image\" class=\"fg-thumb\"><span class=\"fg-image-wrap\"><img decoding=\"async\" width=\"250\" height=\"121\" class=\"skip-lazy fg-image\" data-src-fg=\"https:\/\/rafcb.be\/wp-content\/uploads\/cache\/2025\/01\/20231201_180626\/3294910015.jpg\" src=\"data:image\/svg+xml,%3Csvg%20xmlns%3D%22http%3A%2F%2Fwww.w3.org%2F2000%2Fsvg%22%20width%3D%22250%22%20height%3D%22121%22%20viewBox%3D%220%200%20250%20121%22%3E%3C%2Fsvg%3E\" loading=\"eager\"><\/span><span class=\"fg-image-overlay\"><\/span><\/a><\/figure><div class=\"fg-loader\"><\/div><\/div><div class=\"fg-item fg-type-image fg-idle\"><figure class=\"fg-item-inner\"><a href=\"https:\/\/rafcb.be\/wp-content\/uploads\/2025\/01\/20231202_101752.jpg\" data-attachment-id=\"9671\" data-type=\"image\" class=\"fg-thumb\"><span class=\"fg-image-wrap\"><img fetchpriority=\"high\" decoding=\"async\" width=\"250\" height=\"514\" class=\"skip-lazy fg-image\" data-src-fg=\"https:\/\/rafcb.be\/wp-content\/uploads\/cache\/2025\/01\/20231202_101752\/4324849.jpg\" src=\"data:image\/svg+xml,%3Csvg%20xmlns%3D%22http%3A%2F%2Fwww.w3.org%2F2000%2Fsvg%22%20width%3D%22250%22%20height%3D%22514%22%20viewBox%3D%220%200%20250%20514%22%3E%3C%2Fsvg%3E\" loading=\"eager\"><\/span><span class=\"fg-image-overlay\"><\/span><\/a><\/figure><div class=\"fg-loader\"><\/div><\/div><div class=\"fg-item fg-type-image fg-idle\"><figure class=\"fg-item-inner\"><a href=\"https:\/\/rafcb.be\/wp-content\/uploads\/2025\/01\/20231202_101810.jpg\" data-attachment-id=\"9672\" data-type=\"image\" class=\"fg-thumb\"><span class=\"fg-image-wrap\"><img decoding=\"async\" width=\"250\" height=\"514\" class=\"skip-lazy fg-image\" data-src-fg=\"https:\/\/rafcb.be\/wp-content\/uploads\/cache\/2025\/01\/20231202_101810\/3296205858.jpg\" src=\"data:image\/svg+xml,%3Csvg%20xmlns%3D%22http%3A%2F%2Fwww.w3.org%2F2000%2Fsvg%22%20width%3D%22250%22%20height%3D%22514%22%20viewBox%3D%220%200%20250%20514%22%3E%3C%2Fsvg%3E\" loading=\"eager\"><\/span><span class=\"fg-image-overlay\"><\/span><\/a><\/figure><div class=\"fg-loader\"><\/div><\/div><\/div>\n\n\n\n<p><strong>2024 Assembl\u00e9e g\u00e9n\u00e9rale<\/strong><\/p>\n\n\n<style type=\"text\/css\">\n#foogallery-gallery-9691.fg-masonry { --fg-gutter: 10px; }<\/style>\n\t\t\t<div class=\"foogallery foogallery-container foogallery-masonry foogallery-lightbox-foobox fg-center fg-masonry fg-ready fg-dark fg-shadow-small fg-loading-default fg-loaded-fade-in fg-captions-bottom fg-hover-fade fg-hover-plus fg-col6\" id=\"foogallery-gallery-9691\" data-foogallery=\"{&quot;item&quot;:{&quot;showCaptionTitle&quot;:true,&quot;showCaptionDescription&quot;:true},&quot;lazy&quot;:true,&quot;paging&quot;:{&quot;type&quot;:&quot;dots&quot;,&quot;size&quot;:12,&quot;position&quot;:&quot;bottom&quot;,&quot;scrollToTop&quot;:false,&quot;output&quot;:&quot;&quot;,&quot;theme&quot;:&quot;fg-light&quot;}}\" style=\"--fg-title-line-clamp: 0; --fg-description-line-clamp: 0;\" >\n\t\t<div class=\"fg-column-width\"><\/div>\n\t<div class=\"fg-gutter-width\"><\/div>\n\t\t<div class=\"fg-item fg-type-image fg-idle\"><figure class=\"fg-item-inner\"><a href=\"https:\/\/rafcb.be\/wp-content\/uploads\/2025\/01\/20240324_110445.jpg\" data-attachment-id=\"9692\" data-type=\"image\" class=\"fg-thumb\"><span class=\"fg-image-wrap\"><img decoding=\"async\" width=\"250\" height=\"188\" class=\"skip-lazy fg-image\" data-src-fg=\"https:\/\/rafcb.be\/wp-content\/uploads\/cache\/2025\/01\/20240324_110445\/1338472877.jpg\" src=\"data:image\/svg+xml,%3Csvg%20xmlns%3D%22http%3A%2F%2Fwww.w3.org%2F2000%2Fsvg%22%20width%3D%22250%22%20height%3D%22188%22%20viewBox%3D%220%200%20250%20188%22%3E%3C%2Fsvg%3E\" loading=\"eager\"><\/span><span class=\"fg-image-overlay\"><\/span><\/a><\/figure><div class=\"fg-loader\"><\/div><\/div><div class=\"fg-item fg-type-image fg-idle\"><figure class=\"fg-item-inner\"><a href=\"https:\/\/rafcb.be\/wp-content\/uploads\/2025\/01\/20240324_110453.jpg\" data-attachment-id=\"9693\" data-type=\"image\" class=\"fg-thumb\"><span class=\"fg-image-wrap\"><img decoding=\"async\" width=\"250\" height=\"188\" class=\"skip-lazy fg-image\" data-src-fg=\"https:\/\/rafcb.be\/wp-content\/uploads\/cache\/2025\/01\/20240324_110453\/2272935820.jpg\" src=\"data:image\/svg+xml,%3Csvg%20xmlns%3D%22http%3A%2F%2Fwww.w3.org%2F2000%2Fsvg%22%20width%3D%22250%22%20height%3D%22188%22%20viewBox%3D%220%200%20250%20188%22%3E%3C%2Fsvg%3E\" loading=\"eager\"><\/span><span class=\"fg-image-overlay\"><\/span><\/a><\/figure><div class=\"fg-loader\"><\/div><\/div><div class=\"fg-item fg-type-image fg-idle\"><figure class=\"fg-item-inner\"><a href=\"https:\/\/rafcb.be\/wp-content\/uploads\/2025\/01\/20240324_122942.jpg\" data-attachment-id=\"9694\" data-type=\"image\" class=\"fg-thumb\"><span class=\"fg-image-wrap\"><img decoding=\"async\" width=\"250\" height=\"188\" class=\"skip-lazy fg-image\" data-src-fg=\"https:\/\/rafcb.be\/wp-content\/uploads\/cache\/2025\/01\/20240324_122942\/3405334635.jpg\" src=\"data:image\/svg+xml,%3Csvg%20xmlns%3D%22http%3A%2F%2Fwww.w3.org%2F2000%2Fsvg%22%20width%3D%22250%22%20height%3D%22188%22%20viewBox%3D%220%200%20250%20188%22%3E%3C%2Fsvg%3E\" loading=\"eager\"><\/span><span class=\"fg-image-overlay\"><\/span><\/a><\/figure><div class=\"fg-loader\"><\/div><\/div><div class=\"fg-item fg-type-image fg-idle\"><figure class=\"fg-item-inner\"><a href=\"https:\/\/rafcb.be\/wp-content\/uploads\/2025\/01\/20240324_140327.jpg\" data-attachment-id=\"9695\" data-type=\"image\" class=\"fg-thumb\"><span class=\"fg-image-wrap\"><img decoding=\"async\" width=\"250\" height=\"188\" class=\"skip-lazy fg-image\" data-src-fg=\"https:\/\/rafcb.be\/wp-content\/uploads\/cache\/2025\/01\/20240324_140327\/1222240392.jpg\" src=\"data:image\/svg+xml,%3Csvg%20xmlns%3D%22http%3A%2F%2Fwww.w3.org%2F2000%2Fsvg%22%20width%3D%22250%22%20height%3D%22188%22%20viewBox%3D%220%200%20250%20188%22%3E%3C%2Fsvg%3E\" loading=\"eager\"><\/span><span class=\"fg-image-overlay\"><\/span><\/a><\/figure><div class=\"fg-loader\"><\/div><\/div><div class=\"fg-item fg-type-image fg-idle\"><figure class=\"fg-item-inner\"><a href=\"https:\/\/rafcb.be\/wp-content\/uploads\/2025\/01\/20240324_151247.jpg\" data-attachment-id=\"9696\" data-type=\"image\" class=\"fg-thumb\"><span class=\"fg-image-wrap\"><img decoding=\"async\" width=\"250\" height=\"333\" class=\"skip-lazy fg-image\" data-src-fg=\"https:\/\/rafcb.be\/wp-content\/uploads\/cache\/2025\/01\/20240324_151247\/2765194684.jpg\" src=\"data:image\/svg+xml,%3Csvg%20xmlns%3D%22http%3A%2F%2Fwww.w3.org%2F2000%2Fsvg%22%20width%3D%22250%22%20height%3D%22333%22%20viewBox%3D%220%200%20250%20333%22%3E%3C%2Fsvg%3E\" loading=\"eager\"><\/span><span class=\"fg-image-overlay\"><\/span><\/a><\/figure><div class=\"fg-loader\"><\/div><\/div><div class=\"fg-item fg-type-image fg-idle\"><figure class=\"fg-item-inner\"><a href=\"https:\/\/rafcb.be\/wp-content\/uploads\/2025\/01\/20240324_151253.jpg\" data-attachment-id=\"9697\" data-type=\"image\" class=\"fg-thumb\"><span class=\"fg-image-wrap\"><img decoding=\"async\" width=\"250\" height=\"333\" class=\"skip-lazy fg-image\" data-src-fg=\"https:\/\/rafcb.be\/wp-content\/uploads\/cache\/2025\/01\/20240324_151253\/776586464.jpg\" src=\"data:image\/svg+xml,%3Csvg%20xmlns%3D%22http%3A%2F%2Fwww.w3.org%2F2000%2Fsvg%22%20width%3D%22250%22%20height%3D%22333%22%20viewBox%3D%220%200%20250%20333%22%3E%3C%2Fsvg%3E\" loading=\"eager\"><\/span><span class=\"fg-image-overlay\"><\/span><\/a><\/figure><div class=\"fg-loader\"><\/div><\/div><\/div>\n\n\n\n<p><\/p>\n","protected":false},"excerpt":{"rendered":"<p>2024 Clubdiner 2024 Rallye d&#8217;automne 2024 Rallye du pr\u00e9sident 2024 Antwerp Classic Salon 2024 Assembl\u00e9e g\u00e9n\u00e9rale<\/p>\n","protected":false},"author":1,"featured_media":0,"parent":0,"menu_order":0,"comment_status":"closed","ping_status":"closed","template":"","meta":{"footnotes":""},"class_list":["post-9676","page","type-page","status-publish","hentry"],"translation":{"provider":"WPGlobus","version":"3.0.2","language":"fr","enabled_languages":["nl","fr"],"languages":{"nl":{"title":true,"content":true,"excerpt":false},"fr":{"title":true,"content":true,"excerpt":false}}},"_links":{"self":[{"href":"https:\/\/rafcb.be\/fr\/wp-json\/wp\/v2\/pages\/9676","targetHints":{"allow":["GET"]}}],"collection":[{"href":"https:\/\/rafcb.be\/fr\/wp-json\/wp\/v2\/pages"}],"about":[{"href":"https:\/\/rafcb.be\/fr\/wp-json\/wp\/v2\/types\/page"}],"author":[{"embeddable":true,"href":"https:\/\/rafcb.be\/fr\/wp-json\/wp\/v2\/users\/1"}],"replies":[{"embeddable":true,"href":"https:\/\/rafcb.be\/fr\/wp-json\/wp\/v2\/comments?post=9676"}],"version-history":[{"count":22,"href":"https:\/\/rafcb.be\/fr\/wp-json\/wp\/v2\/pages\/9676\/revisions"}],"predecessor-version":[{"id":9727,"href":"https:\/\/rafcb.be\/fr\/wp-json\/wp\/v2\/pages\/9676\/revisions\/9727"}],"wp:attachment":[{"href":"https:\/\/rafcb.be\/fr\/wp-json\/wp\/v2\/media?parent=9676"}],"curies":[{"name":"wp","href":"https:\/\/api.w.org\/{rel}","templated":true}]}}