{"id":9784,"date":"2026-02-15T10:28:05","date_gmt":"2026-02-15T10:28:05","guid":{"rendered":"https:\/\/rafcb.be\/?page_id=9784"},"modified":"2026-02-15T10:37:38","modified_gmt":"2026-02-15T10:37:38","slug":"2025-2","status":"publish","type":"page","link":"https:\/\/rafcb.be\/fr\/2025-2\/","title":{"rendered":"2025"},"content":{"rendered":"\n<p><strong>2025 Clubdiner<\/strong><\/p>\n\n\n\n<p><strong>2025 Rallye d&#8217;automne<\/strong><\/p>\n\n\n\n<p><strong>2025 Rallye du pr\u00e9sident<\/strong><\/p>\n\n\n\n<p><strong>2025 Beneford<\/strong><\/p>\n\n\n\n<p><strong>2025 Assembl\u00e9e G\u00e9n\u00e9rale<\/strong><\/p>\n\n\n\n<p><strong>2025 R\u00e9ception du Nouvel An<\/strong><\/p>\n\n\n\n<p><\/p>\n","protected":false},"excerpt":{"rendered":"<p>2025 Clubdiner 2025 Rallye d&#8217;automne 2025 Rallye du pr\u00e9sident 2025 Beneford 2025 Assembl\u00e9e G\u00e9n\u00e9rale 2025 R\u00e9ception du Nouvel An<\/p>\n","protected":false},"author":1,"featured_media":0,"parent":0,"menu_order":0,"comment_status":"closed","ping_status":"closed","template":"","meta":{"footnotes":""},"class_list":["post-9784","page","type-page","status-publish","hentry"],"translation":{"provider":"WPGlobus","version":"3.0.2","language":"fr","enabled_languages":["nl","fr"],"languages":{"nl":{"title":true,"content":true,"excerpt":false},"fr":{"title":true,"content":true,"excerpt":false}}},"_links":{"self":[{"href":"https:\/\/rafcb.be\/fr\/wp-json\/wp\/v2\/pages\/9784","targetHints":{"allow":["GET"]}}],"collection":[{"href":"https:\/\/rafcb.be\/fr\/wp-json\/wp\/v2\/pages"}],"about":[{"href":"https:\/\/rafcb.be\/fr\/wp-json\/wp\/v2\/types\/page"}],"author":[{"embeddable":true,"href":"https:\/\/rafcb.be\/fr\/wp-json\/wp\/v2\/users\/1"}],"replies":[{"embeddable":true,"href":"https:\/\/rafcb.be\/fr\/wp-json\/wp\/v2\/comments?post=9784"}],"version-history":[{"count":3,"href":"https:\/\/rafcb.be\/fr\/wp-json\/wp\/v2\/pages\/9784\/revisions"}],"predecessor-version":[{"id":9793,"href":"https:\/\/rafcb.be\/fr\/wp-json\/wp\/v2\/pages\/9784\/revisions\/9793"}],"wp:attachment":[{"href":"https:\/\/rafcb.be\/fr\/wp-json\/wp\/v2\/media?parent=9784"}],"curies":[{"name":"wp","href":"https:\/\/api.w.org\/{rel}","templated":true}]}}